{"id":380,"date":"2007-04-27T06:12:21","date_gmt":"2007-04-27T10:12:21","guid":{"rendered":"http:\/\/diariodevurgos.com\/dvwps\/bobos\/"},"modified":"2007-08-11T18:15:58","modified_gmt":"2007-08-11T17:15:58","slug":"bobos","status":"publish","type":"page","link":"https:\/\/diariodevurgos.com\/dvwps\/bobos","title":{"rendered":"Comentarios"},"content":{"rendered":"<p class=\"lead\">Nuestra intenci\u00f3n desde el principio ha sido no borrar ning\u00fan comentario, pero desde nuestro nacimiento vimos como es muy dif\u00ed\u00adcil realizar esto, diversos colectivos y gente an\u00f3nima se han quejado de los comentarios donde se hablaba de personas explicita o impl\u00ed\u00adcitamente. As\u00ed\u00ad que hemos decidido borrar, modificar o moderar(depender\u00e1 del comentario) los comentarios que contengan:<\/p>\n<p><strong>1.<\/strong> Alusi\u00f3n impl\u00ed\u00adcita o explicita a personas ya sean cr\u00ed\u00adticas, insultos, acusaciones o cualquier otra cosa, esta web no quiere convertirse en la palestra de la madera. Lo que teng\u00e1is que solucionar, solucionarlo en la calle.<\/p>\n<p><strong>2.<\/strong> Cualquier significado, racista, fascista, nazi, falangista, autoritario y dem\u00e1s degeneraci\u00f3n de la derecha. No es nuestro objetivo convertir la web en el entretenimiento de cuatro personajes afiliados a cualquier grupo de extrema derecha que no se atreven a salir a la calle a expresar sus ideas.<\/p>\n<p><strong>3.<\/strong> Promoci\u00f3n de un partido o grupo pol\u00ed\u00adtico que simbolice claramente un mensaje autoritario ya sea dem\u00f3crata, fascista, estalinista&#8230;<\/p>\n<p>Cualquier mensaje borrado, modificado o moderado, ser\u00e1 indicado en la medida de lo posible para evitar confusiones y reportado a esta pol\u00ed\u00adtica de mensajes. Sentimos mucho tener que hacer esto y pedimos disculpas por las molestias ocasionadas.<\/p>\n<p>Os recordamos que este sitio es un sitio p\u00fablico, no conviene trasladar discusiones personales que ata\u00f1en a grupos de personas aqu\u00ed\u00ad, la lucha esta fuera de Internet esta web es un mero instrumento de informaci\u00f3n.<\/p>\n","protected":false},"excerpt":{"rendered":"<p>Nuestra intenci\u00f3n desde el principio ha sido no borrar ning\u00fan comentario, pero desde nuestro nacimiento vimos como es muy dif\u00ed\u00adcil realizar esto, diversos colectivos y gente an\u00f3nima se han quejado de los comentarios donde se hablaba de personas explicita o impl\u00ed\u00adcitamente. As\u00ed\u00ad que hemos decidido borrar, modificar o moderar(depender\u00e1 del comentario) los comentarios que contengan:&#8230;  <a href=\"https:\/\/diariodevurgos.com\/dvwps\/bobos\" class=\"more-link\" title=\"Read Comentarios\">Read more &raquo;<\/a><\/p>\n","protected":false},"author":1,"featured_media":0,"parent":0,"menu_order":0,"comment_status":"open","ping_status":"open","template":"","meta":[],"_links":{"self":[{"href":"https:\/\/diariodevurgos.com\/dvwps\/wp-json\/wp\/v2\/pages\/380"}],"collection":[{"href":"https:\/\/diariodevurgos.com\/dvwps\/wp-json\/wp\/v2\/pages"}],"about":[{"href":"https:\/\/diariodevurgos.com\/dvwps\/wp-json\/wp\/v2\/types\/page"}],"author":[{"embeddable":true,"href":"https:\/\/diariodevurgos.com\/dvwps\/wp-json\/wp\/v2\/users\/1"}],"replies":[{"embeddable":true,"href":"https:\/\/diariodevurgos.com\/dvwps\/wp-json\/wp\/v2\/comments?post=380"}],"version-history":[{"count":0,"href":"https:\/\/diariodevurgos.com\/dvwps\/wp-json\/wp\/v2\/pages\/380\/revisions"}],"wp:attachment":[{"href":"https:\/\/diariodevurgos.com\/dvwps\/wp-json\/wp\/v2\/media?parent=380"}],"curies":[{"name":"wp","href":"https:\/\/api.w.org\/{rel}","templated":true}]}}