{"id":5,"date":"2007-01-05T03:03:13","date_gmt":"2007-01-05T10:03:13","guid":{"rendered":"http:\/\/diariodevurgos.com\/dvwps\/contacto\/"},"modified":"2020-03-02T10:01:41","modified_gmt":"2020-03-02T09:01:41","slug":"contacto","status":"publish","type":"page","link":"https:\/\/diariodevurgos.com\/dvwps\/contacto","title":{"rendered":"Contacto"},"content":{"rendered":"<p class=\"lead\"><strong>A<\/strong>viso y <strong>R<\/strong>ecomendaciones a la hora de <strong>P<\/strong>ublicar:<\/p>\n<p>Cualquiera puede aportar contenidos a la p\u00e1gina, esta no tiene ni centro ni periferia. Como la arena, sus l\u00ed\u00admites se escapan filtr\u00e1ndose entre los dedos. <strong>DV<\/strong> dar\u00e1 prioridad a aquellas aportaciones que por su car\u00e1cter cr\u00ed\u00adtico y\/o antiautoritario tienen vedados otros canales.<br \/>\n<strong>DV<\/strong> recuerda que internet no es un medio seguro, el &#8220;Gran Hermano&#8221;\u009d vigila constantemente, hace tiempo que vivimos en <a title=\"milnovecientosochentaycuatro\" href=\"http:\/\/es.wikipedia.org\/wiki\/Mil_novecientos_ochenta_y_cuatro\">1984<\/a>&#8230;<\/p>\n<p>Mandanda un correo a <strong>diario[arroba]diariodevurgos[punto]com<\/strong><\/p>\n","protected":false},"excerpt":{"rendered":"<p>Aviso y Recomendaciones a la hora de Publicar: Cualquiera puede aportar contenidos a la p\u00e1gina, esta no tiene ni centro ni periferia. Como la arena, sus l\u00ed\u00admites se escapan filtr\u00e1ndose entre los dedos. DV dar\u00e1 prioridad a aquellas aportaciones que por su car\u00e1cter cr\u00ed\u00adtico y\/o antiautoritario tienen vedados otros canales. DV recuerda que internet no&#8230;  <a href=\"https:\/\/diariodevurgos.com\/dvwps\/contacto\" class=\"more-link\" title=\"Read Contacto\">Read more &raquo;<\/a><\/p>\n","protected":false},"author":1,"featured_media":0,"parent":0,"menu_order":0,"comment_status":"open","ping_status":"open","template":"","meta":[],"_links":{"self":[{"href":"https:\/\/diariodevurgos.com\/dvwps\/wp-json\/wp\/v2\/pages\/5"}],"collection":[{"href":"https:\/\/diariodevurgos.com\/dvwps\/wp-json\/wp\/v2\/pages"}],"about":[{"href":"https:\/\/diariodevurgos.com\/dvwps\/wp-json\/wp\/v2\/types\/page"}],"author":[{"embeddable":true,"href":"https:\/\/diariodevurgos.com\/dvwps\/wp-json\/wp\/v2\/users\/1"}],"replies":[{"embeddable":true,"href":"https:\/\/diariodevurgos.com\/dvwps\/wp-json\/wp\/v2\/comments?post=5"}],"version-history":[{"count":3,"href":"https:\/\/diariodevurgos.com\/dvwps\/wp-json\/wp\/v2\/pages\/5\/revisions"}],"predecessor-version":[{"id":22859,"href":"https:\/\/diariodevurgos.com\/dvwps\/wp-json\/wp\/v2\/pages\/5\/revisions\/22859"}],"wp:attachment":[{"href":"https:\/\/diariodevurgos.com\/dvwps\/wp-json\/wp\/v2\/media?parent=5"}],"curies":[{"name":"wp","href":"https:\/\/api.w.org\/{rel}","templated":true}]}}