{"id":7962,"date":"2012-03-22T12:00:31","date_gmt":"2012-03-22T11:00:31","guid":{"rendered":"http:\/\/diariodevurgos.com\/dvwps\/?page_id=7962"},"modified":"2018-01-04T15:59:51","modified_gmt":"2018-01-04T14:59:51","slug":"publicaciones-en-papel","status":"publish","type":"page","link":"https:\/\/diariodevurgos.com\/dvwps\/publicaciones-en-papel","title":{"rendered":"Publicaciones en papel"},"content":{"rendered":"<p style=\"margin-bottom: 0cm;\" class=\"lead\"><strong>DV<\/strong> no solo es un proyecto en la red. <span style=\"color: #222222; font-family: arial, sans-serif; line-height: normal;\">En nuestro proyecto de comunicaci\u00f3n libre y horizontal hay un espacio dedicado tambi\u00e9n para una publicaci\u00f3n en papel que publicamos de forma intermitente.<\/span><\/p>\n<p><a href=\"http:\/\/diariodevurgos.com\/varios\/papel\/DvPapel1.pdf\">N\u00famero 1<\/a><br \/>\n<a href=\"http:\/\/diariodevurgos.com\/varios\/papel\/DvPapel2.pdf\">N\u00famero 2<\/a><br \/>\n<a href=\"http:\/\/diariodevurgos.com\/varios\/certamen-papel.pdf\">Certamen literario X Aniversario<\/a><br \/>\n<a href=\"http:\/\/diariodevurgos.com\/dvwps\/wp-content\/uploads\/2017\/06\/EspecialEncausados.pdf\">Especial juicios Gamonal<\/a><br \/>\n<a href=\"http:\/\/diariodevurgos.com\/dvwps\/wp-content\/uploads\/2017\/12\/especial2.pdf\">Especial juicios Gamonal II<\/a><\/p>\n<p>&nbsp;<\/p>\n","protected":false},"excerpt":{"rendered":"<p>DV no solo es un proyecto en la red. En nuestro proyecto de comunicaci\u00f3n libre y horizontal hay un espacio dedicado tambi\u00e9n para una publicaci\u00f3n en papel que publicamos de forma intermitente. N\u00famero 1 N\u00famero 2 Certamen literario X Aniversario Especial juicios Gamonal Especial juicios Gamonal II &nbsp;<\/p>\n","protected":false},"author":1,"featured_media":0,"parent":0,"menu_order":0,"comment_status":"open","ping_status":"closed","template":"","meta":[],"_links":{"self":[{"href":"https:\/\/diariodevurgos.com\/dvwps\/wp-json\/wp\/v2\/pages\/7962"}],"collection":[{"href":"https:\/\/diariodevurgos.com\/dvwps\/wp-json\/wp\/v2\/pages"}],"about":[{"href":"https:\/\/diariodevurgos.com\/dvwps\/wp-json\/wp\/v2\/types\/page"}],"author":[{"embeddable":true,"href":"https:\/\/diariodevurgos.com\/dvwps\/wp-json\/wp\/v2\/users\/1"}],"replies":[{"embeddable":true,"href":"https:\/\/diariodevurgos.com\/dvwps\/wp-json\/wp\/v2\/comments?post=7962"}],"version-history":[{"count":10,"href":"https:\/\/diariodevurgos.com\/dvwps\/wp-json\/wp\/v2\/pages\/7962\/revisions"}],"predecessor-version":[{"id":19325,"href":"https:\/\/diariodevurgos.com\/dvwps\/wp-json\/wp\/v2\/pages\/7962\/revisions\/19325"}],"wp:attachment":[{"href":"https:\/\/diariodevurgos.com\/dvwps\/wp-json\/wp\/v2\/media?parent=7962"}],"curies":[{"name":"wp","href":"https:\/\/api.w.org\/{rel}","templated":true}]}}